{"id":166,"date":"2026-01-26T20:32:05","date_gmt":"2026-01-26T20:32:05","guid":{"rendered":"http:\/\/jvvkiej.cluster129.hosting.ovh.net\/?page_id=166"},"modified":"2026-02-20T11:34:31","modified_gmt":"2026-02-20T11:34:31","slug":"diagnostic-capillaire-en-ligne","status":"publish","type":"page","link":"https:\/\/mayargan.com\/index.php\/diagnostic-capillaire-en-ligne\/","title":{"rendered":"Diagnostic capillaire en ligne"},"content":{"rendered":"<p>[fluentform id=\u00a0\u00bb1&Prime;]<\/p>\n","protected":false},"excerpt":{"rendered":"","protected":false},"author":1,"featured_media":0,"parent":0,"menu_order":0,"comment_status":"closed","ping_status":"closed","template":"","meta":{"footnotes":""},"class_list":["post-166","page","type-page","status-publish","hentry"],"yoast_head":"<!-- This site is optimized with the Yoast SEO plugin v27.0 - https:\/\/yoast.com\/product\/yoast-seo-wordpress\/ -->\n<title>Diagnostic capillaire en ligne - Mayargan<\/title>\n<meta name=\"description\" content=\"Faites votre diagnostic capillaire en ligne et recevez une routine personnalis\u00e9e adapt\u00e9e \u00e0 vos cheveux et votre cuir chevelu.\" \/>\n<meta name=\"robots\" content=\"index, follow, max-snippet:-1, max-image-preview:large, max-video-preview:-1\" \/>\n<link rel=\"canonical\" href=\"https:\/\/mayargan.com\/index.php\/diagnostic-capillaire-en-ligne\/\" \/>\n<meta property=\"og:locale\" content=\"fr_FR\" \/>\n<meta property=\"og:type\" content=\"article\" \/>\n<meta property=\"og:title\" content=\"Diagnostic capillaire en ligne - Mayargan\" \/>\n<meta property=\"og:description\" content=\"Faites votre diagnostic capillaire en ligne et recevez une routine personnalis\u00e9e adapt\u00e9e \u00e0 vos cheveux et votre cuir chevelu.\" \/>\n<meta property=\"og:url\" content=\"https:\/\/mayargan.com\/index.php\/diagnostic-capillaire-en-ligne\/\" \/>\n<meta property=\"og:site_name\" content=\"Mayargan\" \/>\n<meta property=\"article:modified_time\" content=\"2026-02-20T11:34:31+00:00\" \/>\n<meta name=\"twitter:card\" content=\"summary_large_image\" \/>\n<meta name=\"twitter:label1\" content=\"Dur\u00e9e de lecture est.\" \/>\n\t<meta name=\"twitter:data1\" content=\"1 minute\" \/>\n<script type=\"application\/ld+json\" class=\"yoast-schema-graph\">{\"@context\":\"https:\/\/schema.org\",\"@graph\":[{\"@type\":\"WebPage\",\"@id\":\"https:\/\/mayargan.com\/index.php\/diagnostic-capillaire-en-ligne\/\",\"url\":\"https:\/\/mayargan.com\/index.php\/diagnostic-capillaire-en-ligne\/\",\"name\":\"Diagnostic capillaire en ligne - Mayargan\",\"isPartOf\":{\"@id\":\"https:\/\/mayargan.com\/#website\"},\"datePublished\":\"2026-01-26T20:32:05+00:00\",\"dateModified\":\"2026-02-20T11:34:31+00:00\",\"description\":\"Faites votre diagnostic capillaire en ligne et recevez une routine personnalis\u00e9e adapt\u00e9e \u00e0 vos cheveux et votre cuir chevelu.\",\"breadcrumb\":{\"@id\":\"https:\/\/mayargan.com\/index.php\/diagnostic-capillaire-en-ligne\/#breadcrumb\"},\"inLanguage\":\"fr-BE\",\"potentialAction\":[{\"@type\":\"ReadAction\",\"target\":[\"https:\/\/mayargan.com\/index.php\/diagnostic-capillaire-en-ligne\/\"]}]},{\"@type\":\"BreadcrumbList\",\"@id\":\"https:\/\/mayargan.com\/index.php\/diagnostic-capillaire-en-ligne\/#breadcrumb\",\"itemListElement\":[{\"@type\":\"ListItem\",\"position\":1,\"name\":\"Accueil\",\"item\":\"https:\/\/mayargan.com\/\"},{\"@type\":\"ListItem\",\"position\":2,\"name\":\"Diagnostic capillaire en ligne\"}]},{\"@type\":\"WebSite\",\"@id\":\"https:\/\/mayargan.com\/#website\",\"url\":\"https:\/\/mayargan.com\/\",\"name\":\"Mayargan\",\"description\":\"\",\"publisher\":{\"@id\":\"https:\/\/mayargan.com\/#organization\"},\"potentialAction\":[{\"@type\":\"SearchAction\",\"target\":{\"@type\":\"EntryPoint\",\"urlTemplate\":\"https:\/\/mayargan.com\/?s={search_term_string}\"},\"query-input\":{\"@type\":\"PropertyValueSpecification\",\"valueRequired\":true,\"valueName\":\"search_term_string\"}}],\"inLanguage\":\"fr-BE\"},{\"@type\":\"Organization\",\"@id\":\"https:\/\/mayargan.com\/#organization\",\"name\":\"Mayargan\",\"url\":\"https:\/\/mayargan.com\/\",\"logo\":{\"@type\":\"ImageObject\",\"inLanguage\":\"fr-BE\",\"@id\":\"https:\/\/mayargan.com\/#\/schema\/logo\/image\/\",\"url\":\"https:\/\/mayargan.com\/wp-content\/uploads\/2026\/01\/WhatsApp-Image-2026-01-26-at-12.54.42-4.jpeg\",\"contentUrl\":\"https:\/\/mayargan.com\/wp-content\/uploads\/2026\/01\/WhatsApp-Image-2026-01-26-at-12.54.42-4.jpeg\",\"width\":1599,\"height\":1600,\"caption\":\"Mayargan\"},\"image\":{\"@id\":\"https:\/\/mayargan.com\/#\/schema\/logo\/image\/\"}}]}<\/script>\n<!-- \/ Yoast SEO plugin. -->","yoast_head_json":{"title":"Diagnostic capillaire en ligne - Mayargan","description":"Faites votre diagnostic capillaire en ligne et recevez une routine personnalis\u00e9e adapt\u00e9e \u00e0 vos cheveux et votre cuir chevelu.","robots":{"index":"index","follow":"follow","max-snippet":"max-snippet:-1","max-image-preview":"max-image-preview:large","max-video-preview":"max-video-preview:-1"},"canonical":"https:\/\/mayargan.com\/index.php\/diagnostic-capillaire-en-ligne\/","og_locale":"fr_FR","og_type":"article","og_title":"Diagnostic capillaire en ligne - Mayargan","og_description":"Faites votre diagnostic capillaire en ligne et recevez une routine personnalis\u00e9e adapt\u00e9e \u00e0 vos cheveux et votre cuir chevelu.","og_url":"https:\/\/mayargan.com\/index.php\/diagnostic-capillaire-en-ligne\/","og_site_name":"Mayargan","article_modified_time":"2026-02-20T11:34:31+00:00","twitter_card":"summary_large_image","twitter_misc":{"Dur\u00e9e de lecture est.":"1 minute"},"schema":{"@context":"https:\/\/schema.org","@graph":[{"@type":"WebPage","@id":"https:\/\/mayargan.com\/index.php\/diagnostic-capillaire-en-ligne\/","url":"https:\/\/mayargan.com\/index.php\/diagnostic-capillaire-en-ligne\/","name":"Diagnostic capillaire en ligne - Mayargan","isPartOf":{"@id":"https:\/\/mayargan.com\/#website"},"datePublished":"2026-01-26T20:32:05+00:00","dateModified":"2026-02-20T11:34:31+00:00","description":"Faites votre diagnostic capillaire en ligne et recevez une routine personnalis\u00e9e adapt\u00e9e \u00e0 vos cheveux et votre cuir chevelu.","breadcrumb":{"@id":"https:\/\/mayargan.com\/index.php\/diagnostic-capillaire-en-ligne\/#breadcrumb"},"inLanguage":"fr-BE","potentialAction":[{"@type":"ReadAction","target":["https:\/\/mayargan.com\/index.php\/diagnostic-capillaire-en-ligne\/"]}]},{"@type":"BreadcrumbList","@id":"https:\/\/mayargan.com\/index.php\/diagnostic-capillaire-en-ligne\/#breadcrumb","itemListElement":[{"@type":"ListItem","position":1,"name":"Accueil","item":"https:\/\/mayargan.com\/"},{"@type":"ListItem","position":2,"name":"Diagnostic capillaire en ligne"}]},{"@type":"WebSite","@id":"https:\/\/mayargan.com\/#website","url":"https:\/\/mayargan.com\/","name":"Mayargan","description":"","publisher":{"@id":"https:\/\/mayargan.com\/#organization"},"potentialAction":[{"@type":"SearchAction","target":{"@type":"EntryPoint","urlTemplate":"https:\/\/mayargan.com\/?s={search_term_string}"},"query-input":{"@type":"PropertyValueSpecification","valueRequired":true,"valueName":"search_term_string"}}],"inLanguage":"fr-BE"},{"@type":"Organization","@id":"https:\/\/mayargan.com\/#organization","name":"Mayargan","url":"https:\/\/mayargan.com\/","logo":{"@type":"ImageObject","inLanguage":"fr-BE","@id":"https:\/\/mayargan.com\/#\/schema\/logo\/image\/","url":"https:\/\/mayargan.com\/wp-content\/uploads\/2026\/01\/WhatsApp-Image-2026-01-26-at-12.54.42-4.jpeg","contentUrl":"https:\/\/mayargan.com\/wp-content\/uploads\/2026\/01\/WhatsApp-Image-2026-01-26-at-12.54.42-4.jpeg","width":1599,"height":1600,"caption":"Mayargan"},"image":{"@id":"https:\/\/mayargan.com\/#\/schema\/logo\/image\/"}}]}},"jetpack_sharing_enabled":true,"_links":{"self":[{"href":"https:\/\/mayargan.com\/index.php\/wp-json\/wp\/v2\/pages\/166","targetHints":{"allow":["GET"]}}],"collection":[{"href":"https:\/\/mayargan.com\/index.php\/wp-json\/wp\/v2\/pages"}],"about":[{"href":"https:\/\/mayargan.com\/index.php\/wp-json\/wp\/v2\/types\/page"}],"author":[{"embeddable":true,"href":"https:\/\/mayargan.com\/index.php\/wp-json\/wp\/v2\/users\/1"}],"replies":[{"embeddable":true,"href":"https:\/\/mayargan.com\/index.php\/wp-json\/wp\/v2\/comments?post=166"}],"version-history":[{"count":2,"href":"https:\/\/mayargan.com\/index.php\/wp-json\/wp\/v2\/pages\/166\/revisions"}],"predecessor-version":[{"id":1679,"href":"https:\/\/mayargan.com\/index.php\/wp-json\/wp\/v2\/pages\/166\/revisions\/1679"}],"wp:attachment":[{"href":"https:\/\/mayargan.com\/index.php\/wp-json\/wp\/v2\/media?parent=166"}],"curies":[{"name":"wp","href":"https:\/\/api.w.org\/{rel}","templated":true}]}}